{"id":1139,"date":"2019-11-26T06:26:46","date_gmt":"2019-11-26T06:26:46","guid":{"rendered":"http:\/\/source.wpopal.com\/wefamily\/?page_id=1139"},"modified":"2019-11-26T06:26:46","modified_gmt":"2019-11-26T06:26:46","slug":"the-blog1","status":"publish","type":"page","link":"https:\/\/theresidencyindia.com\/?page_id=1139","title":{"rendered":"The Blog1"},"content":{"rendered":"\t\t<div data-elementor-type=\"wp-page\" data-elementor-id=\"1139\" class=\"elementor elementor-1139\">\n\t\t\t\t\t\t<section class=\"elementor-section elementor-top-section elementor-element elementor-element-a44e974 elementor-section-boxed elementor-section-height-default elementor-section-height-default\" data-id=\"a44e974\" data-element_type=\"section\">\n\t\t\t\t\t\t<div class=\"elementor-container elementor-column-gap-default\">\n\t\t\t\t\t<div class=\"elementor-column elementor-col-100 elementor-top-column elementor-element elementor-element-301023c\" data-id=\"301023c\" data-element_type=\"column\">\n\t\t\t<div class=\"elementor-widget-wrap elementor-element-populated\">\n\t\t\t\t\t\t<div class=\"elementor-element elementor-element-4f0a2fb elementor-widget elementor-widget-opal-post-grid\" data-id=\"4f0a2fb\" data-element_type=\"widget\" data-widget_type=\"opal-post-grid.default\">\n\t\t\t\t<div class=\"elementor-widget-container\">\n\t\t\t        <div class=\"elementor-post-wrapper post-style-1\">\n            <div class=\"row\" data-elementor-columns=\"3\" data-elementor-columns-tablet=\"1\" data-elementor-columns-mobile=\"1\">\n\n                <div class=\"column-item post-style-1\">\n    <div class=\"post-inner\">\n\n                <div class=\"post-date\"><a href=\"https:\/\/theresidencyindia.com\/?p=3402\" rel=\"bookmark\"><time class=\"entry-date published\" datetime=\"2025-05-27T23:03:06+00:00\">May 27, 2025<\/time><time class=\"updated\" datetime=\"2025-05-28T01:22:23+00:00\">May 28, 2025<\/time><\/a><\/div>\n        <div class=\"post-content\">\n            <div class=\"entry-header\">\n                <h3 class=\"entry-title\"><a href=\"https:\/\/theresidencyindia.com\/?p=3402\">\u043e\u0444\u0438\u0446\u0438\u0430\u043b\u044c\u043d\u043e\u0433\u043e \u0421\u0430\u0439\u0442 \u041f\u0438\u043d \u0410\u043f \u041a\u0430\u0437\u0438\u043d\u043e \u041e\u043d\u043b\u0430\u0439\u043d<\/a><\/h3>\n                <div class=\"entry-meta\">\n                    <span class=\"posted-author\"><span>By <\/span><a href=\"https:\/\/theresidencyindia.com\/?author=1\">triadmin<\/a><\/span><span class=\"cat-links\"><span>in <\/span><a href=\"https:\/\/theresidencyindia.com\/?cat=1\" rel=\"category\">Uncategorized<\/a><\/span>                <\/div>\n            <\/div>\n        <\/div>\n    <\/div>\n<\/div><div class=\"column-item post-style-1\">\n    <div class=\"post-inner\">\n\n                <div class=\"post-date\"><a href=\"https:\/\/theresidencyindia.com\/?p=3400\" rel=\"bookmark\"><time class=\"entry-date published\" datetime=\"2025-05-27T15:42:54+00:00\">May 27, 2025<\/time><time class=\"updated\" datetime=\"2025-05-28T01:20:58+00:00\">May 28, 2025<\/time><\/a><\/div>\n        <div class=\"post-content\">\n            <div class=\"entry-header\">\n                <h3 class=\"entry-title\"><a href=\"https:\/\/theresidencyindia.com\/?p=3400\">Ba\u015far\u0131bet T\u00fcrkiyenin G\u00fcvenilir Online Online Casino G\u00fcncel Giri\u015f<\/a><\/h3>\n                <div class=\"entry-meta\">\n                    <span class=\"posted-author\"><span>By <\/span><a href=\"https:\/\/theresidencyindia.com\/?author=1\">triadmin<\/a><\/span><span class=\"cat-links\"><span>in <\/span><a href=\"https:\/\/theresidencyindia.com\/?cat=35\" rel=\"category\">casino<\/a><\/span>                <\/div>\n            <\/div>\n        <\/div>\n    <\/div>\n<\/div><div class=\"column-item post-style-1\">\n    <div class=\"post-inner\">\n\n                <div class=\"post-date\"><a href=\"https:\/\/theresidencyindia.com\/?p=3404\" rel=\"bookmark\"><time class=\"entry-date published\" datetime=\"2025-05-27T13:47:59+00:00\">May 27, 2025<\/time><time class=\"updated\" datetime=\"2025-05-28T01:56:46+00:00\">May 28, 2025<\/time><\/a><\/div>\n        <div class=\"post-content\">\n            <div class=\"entry-header\">\n                <h3 class=\"entry-title\"><a href=\"https:\/\/theresidencyindia.com\/?p=3404\">Ba\u015far\u0131bet Internet Casino T\u00fcrkiye Ba\u015far\u0131 Bet<\/a><\/h3>\n                <div class=\"entry-meta\">\n                    <span class=\"posted-author\"><span>By <\/span><a href=\"https:\/\/theresidencyindia.com\/?author=1\">triadmin<\/a><\/span><span class=\"cat-links\"><span>in <\/span><a href=\"https:\/\/theresidencyindia.com\/?cat=35\" rel=\"category\">casino<\/a><\/span>                <\/div>\n            <\/div>\n        <\/div>\n    <\/div>\n<\/div><div class=\"column-item post-style-1\">\n    <div class=\"post-inner\">\n\n                <div class=\"post-date\"><a href=\"https:\/\/theresidencyindia.com\/?p=3398\" rel=\"bookmark\"><time class=\"entry-date published\" datetime=\"2025-05-27T10:55:40+00:00\">May 27, 2025<\/time><time class=\"updated\" datetime=\"2025-05-28T00:59:12+00:00\">May 28, 2025<\/time><\/a><\/div>\n        <div class=\"post-content\">\n            <div class=\"entry-header\">\n                <h3 class=\"entry-title\"><a href=\"https:\/\/theresidencyindia.com\/?p=3398\">G\u00fcncel Giri\u015f Casino I\u0307ncelemeleri Ve Bonuslar<\/a><\/h3>\n                <div class=\"entry-meta\">\n                    <span class=\"posted-author\"><span>By <\/span><a href=\"https:\/\/theresidencyindia.com\/?author=1\">triadmin<\/a><\/span><span class=\"cat-links\"><span>in <\/span><a href=\"https:\/\/theresidencyindia.com\/?cat=35\" rel=\"category\">casino<\/a><\/span>                <\/div>\n            <\/div>\n        <\/div>\n    <\/div>\n<\/div><div class=\"column-item post-style-1\">\n    <div class=\"post-inner\">\n\n                <div class=\"post-date\"><a href=\"https:\/\/theresidencyindia.com\/?p=3406\" rel=\"bookmark\"><time class=\"entry-date published\" datetime=\"2025-05-27T04:42:32+00:00\">May 27, 2025<\/time><time class=\"updated\" datetime=\"2025-05-28T02:14:49+00:00\">May 28, 2025<\/time><\/a><\/div>\n        <div class=\"post-content\">\n            <div class=\"entry-header\">\n                <h3 class=\"entry-title\"><a href=\"https:\/\/theresidencyindia.com\/?p=3406\">Official Website Play Online, Techniques, Full Info<\/a><\/h3>\n                <div class=\"entry-meta\">\n                    <span class=\"posted-author\"><span>By <\/span><a href=\"https:\/\/theresidencyindia.com\/?author=1\">triadmin<\/a><\/span><span class=\"cat-links\"><span>in <\/span><a href=\"https:\/\/theresidencyindia.com\/?cat=1\" rel=\"category\">Uncategorized<\/a><\/span>                <\/div>\n            <\/div>\n        <\/div>\n    <\/div>\n<\/div><div class=\"column-item post-style-1\">\n    <div class=\"post-inner\">\n\n                <div class=\"post-date\"><a href=\"https:\/\/theresidencyindia.com\/?p=3396\" rel=\"bookmark\"><time class=\"entry-date published\" datetime=\"2025-05-27T03:01:20+00:00\">May 27, 2025<\/time><time class=\"updated\" datetime=\"2025-05-27T22:29:08+00:00\">May 27, 2025<\/time><\/a><\/div>\n        <div class=\"post-content\">\n            <div class=\"entry-header\">\n                <h3 class=\"entry-title\"><a href=\"https:\/\/theresidencyindia.com\/?p=3396\">\u0420\u0435\u0433\u0438\u0441\u0442\u0440\u0430\u0446\u0438\u044f \u0418 \u0412\u0445\u043e\u0434, \u0418\u0433\u0440\u0430\u0442\u044c \u0412 \u041b\u0443\u0447\u0448\u0438\u0435 \u0418\u0433\u0440\u043e\u0432\u044b\u0435 \u0410\u0432\u0442\u043e\u043c\u0430\u0442\u044b<\/a><\/h3>\n                <div class=\"entry-meta\">\n                    <span class=\"posted-author\"><span>By <\/span><a href=\"https:\/\/theresidencyindia.com\/?author=1\">triadmin<\/a><\/span><span class=\"cat-links\"><span>in <\/span><a href=\"https:\/\/theresidencyindia.com\/?cat=1\" rel=\"category\">Uncategorized<\/a><\/span>                <\/div>\n            <\/div>\n        <\/div>\n    <\/div>\n<\/div>            <\/div>\n\n                    <\/div>\n        \t\t<\/div>\n\t\t\t\t<\/div>\n\t\t\t\t\t<\/div>\n\t\t<\/div>\n\t\t\t\t\t<\/div>\n\t\t<\/section>\n\t\t\t\t<\/div>\n\t\t","protected":false},"excerpt":{"rendered":"","protected":false},"author":1,"featured_media":0,"parent":0,"menu_order":0,"comment_status":"closed","ping_status":"closed","template":"","meta":{"inline_featured_image":false,"footnotes":""},"_links":{"self":[{"href":"https:\/\/theresidencyindia.com\/index.php?rest_route=\/wp\/v2\/pages\/1139"}],"collection":[{"href":"https:\/\/theresidencyindia.com\/index.php?rest_route=\/wp\/v2\/pages"}],"about":[{"href":"https:\/\/theresidencyindia.com\/index.php?rest_route=\/wp\/v2\/types\/page"}],"author":[{"embeddable":true,"href":"https:\/\/theresidencyindia.com\/index.php?rest_route=\/wp\/v2\/users\/1"}],"replies":[{"embeddable":true,"href":"https:\/\/theresidencyindia.com\/index.php?rest_route=%2Fwp%2Fv2%2Fcomments&post=1139"}],"version-history":[{"count":0,"href":"https:\/\/theresidencyindia.com\/index.php?rest_route=\/wp\/v2\/pages\/1139\/revisions"}],"wp:attachment":[{"href":"https:\/\/theresidencyindia.com\/index.php?rest_route=%2Fwp%2Fv2%2Fmedia&parent=1139"}],"curies":[{"name":"wp","href":"https:\/\/api.w.org\/{rel}","templated":true}]}}